{"id":72,"date":"2025-08-29T11:23:24","date_gmt":"2025-08-29T09:23:24","guid":{"rendered":"https:\/\/janus.datiscum.de\/?page_id=72"},"modified":"2025-08-29T11:23:24","modified_gmt":"2025-08-29T09:23:24","slug":"firmenportrait","status":"publish","type":"page","link":"https:\/\/janus-trans.de\/?page_id=72","title":{"rendered":"Firmenportrait"},"content":{"rendered":"\n<p>Das inhabergef\u00fchrte Janus-Trans Unternehmen hat sich seit M\u00e4rz 2000 auf den Werttransport f\u00fcr Juweliere, Goldschmiede und Edelsteinh\u00e4ndler spezialisiert.<\/p>\n\n\n\n<p>Hohe Qualit\u00e4tsstandards und der Einsatz von qualifiziertem Fachpersonal betrachten wir als Grundvoraussetzung f\u00fcr unseren Erfolg. Mit Janus-Trans steht Ihnen ein kompetentes Service- und Backofficeteam zur Seite, das eine zielgenaue und p\u00fcnktliche Abwicklung aller Auftr\u00e4ge garantiert.<\/p>\n\n\n\n<p>Unsere Fahrer zeichnen sich durch neutrales und fachkundiges Auftreten aus und k\u00f6nnen sich durch personalisierte Dienstausweise jederzeit identifizieren.<br>Mit dem Verzicht auf Uniformierung und Bewaffnung garantieren wir umfassende Diskretion.<br>Selbstverst\u00e4ndlich kann bewaffnetes Personal auf Wunsch jederzeit gestellt werden.<\/p>\n\n\n\n<p>Um Ihre Valoren mit gr\u00f6\u00dfter Sicherheit zu transportieren erfolgt der Transport in neutralen Fahrzeugen, die mit eingebautem Transportbeh\u00e4lter, Alarmanlage und GPS ausger\u00fcstet sind. Eine Standortkontrolle der Fahrzeuge \u00fcber unser Backofficeteam erfolgt in regelm\u00e4\u00dfigen Abst\u00e4nden.<br>Alle Fahrzeuge und Wertschutzr\u00e4ume sind durch einen der renommiertesten Versicherer Deutschlands gepr\u00fcft und abgesichert.<\/p>\n\n\n\n<p>Wir transportieren weltweit und bieten Ihnen einen umfassenden Service im Bereich Zustellung\/Abholung von G\u00fctern, termingerichteten Fahrten, und Sonderfahrten.<\/p>\n\n\n\n<p>Sie sind an keine Mindestabnahme- oder Auftragsmenge gebunden und k\u00f6nnen Ihren Auftrag telefonisch oder bequem \u00fcbers Internet an uns \u00fcbermitteln.<\/p>\n\n\n\n<p>F\u00fcr umfassendere Ausk\u00fcnfte steht Ihnen unsere Gesch\u00e4ftsleitung selbstverst\u00e4ndlich jederzeit gerne zur Verf\u00fcgung.<\/p>\n","protected":false},"excerpt":{"rendered":"<p>Das inhabergef\u00fchrte Janus-Trans Unternehmen hat sich seit M\u00e4rz 2000 auf den Werttransport f\u00fcr Juweliere, Goldschmiede und Edelsteinh\u00e4ndler spezialisiert. Hohe Qualit\u00e4tsstandards und der Einsatz von qualifiziertem Fachpersonal betrachten wir als Grundvoraussetzung f\u00fcr unseren Erfolg. Mit Janus-Trans steht Ihnen ein kompetentes Service- und Backofficeteam zur Seite, das eine zielgenaue und p\u00fcnktliche Abwicklung aller Auftr\u00e4ge garantiert. Unsere Fahrer &hellip; <\/p>\n<p class=\"link-more\"><a href=\"https:\/\/janus-trans.de\/?page_id=72\" class=\"more-link\"><span class=\"screen-reader-text\">\u201eFirmenportrait\u201c <\/span>weiterlesen<\/a><\/p>\n","protected":false},"author":2,"featured_media":0,"parent":0,"menu_order":0,"comment_status":"closed","ping_status":"closed","template":"","meta":{"footnotes":""},"class_list":["post-72","page","type-page","status-publish","hentry"],"_links":{"self":[{"href":"https:\/\/janus-trans.de\/index.php?rest_route=\/wp\/v2\/pages\/72","targetHints":{"allow":["GET"]}}],"collection":[{"href":"https:\/\/janus-trans.de\/index.php?rest_route=\/wp\/v2\/pages"}],"about":[{"href":"https:\/\/janus-trans.de\/index.php?rest_route=\/wp\/v2\/types\/page"}],"author":[{"embeddable":true,"href":"https:\/\/janus-trans.de\/index.php?rest_route=\/wp\/v2\/users\/2"}],"replies":[{"embeddable":true,"href":"https:\/\/janus-trans.de\/index.php?rest_route=%2Fwp%2Fv2%2Fcomments&post=72"}],"version-history":[{"count":1,"href":"https:\/\/janus-trans.de\/index.php?rest_route=\/wp\/v2\/pages\/72\/revisions"}],"predecessor-version":[{"id":73,"href":"https:\/\/janus-trans.de\/index.php?rest_route=\/wp\/v2\/pages\/72\/revisions\/73"}],"wp:attachment":[{"href":"https:\/\/janus-trans.de\/index.php?rest_route=%2Fwp%2Fv2%2Fmedia&parent=72"}],"curies":[{"name":"wp","href":"https:\/\/api.w.org\/{rel}","templated":true}]}}