{"id":76,"date":"2025-08-29T12:14:54","date_gmt":"2025-08-29T10:14:54","guid":{"rendered":"https:\/\/janus.datiscum.de\/?page_id=76"},"modified":"2026-03-26T10:53:23","modified_gmt":"2026-03-26T09:53:23","slug":"geschaeftskunden","status":"publish","type":"page","link":"https:\/\/janus-trans.de\/?page_id=76","title":{"rendered":"Gesch\u00e4ftskunden"},"content":{"rendered":"\n<p id=\"GeschWertpaketpreise\">Wertpaketpreise Bundesweite Verteilung (ohne Inseln) g\u00fcltig ab 01.01.2026                   <\/p>\n\n\n\n<p id=\"GeschWertpaketpreise\">Sparen Sie &#8211; 1,50 \u20ac pro Paket &#8211; durch Internetabwicklung !!<\/p>\n\n\n\n<figure class=\"wp-block-table contenttable is-style-stripes\"><table><thead><tr><th class=\"has-text-align-center\" data-align=\"center\">Wertangabe<\/th><th>Bis 1 Kg<\/th><th>Bis 2 Kg<\/th><th>Bis 5 Kg<\/th><th>Bis 10 Kg<\/th><th>Bis 15 Kg<\/th><\/tr><\/thead><tbody><tr><td class=\"has-text-align-center\" data-align=\"center\">2.500,00 \u20ac<\/td><td>  32,11 \u20ac<\/td><td>35,68 \u20ac<\/td><td>41,00 \u20ac<\/td><td>44,63 \u20ac<\/td><td>49,96 \u20ac<\/td><\/tr><tr><td class=\"has-text-align-center\" data-align=\"center\">12.500,00 \u20ac<\/td><td>35,68 \u20ac<\/td><td>41,00 \u20ac<\/td><td>44,63 \u20ac<\/td><td>49,96 \u20ac<\/td><td>55,28 \u20ac<\/td><\/tr><tr><td class=\"has-text-align-center\" data-align=\"center\">25.000,00 \u20ac<\/td><td>41,00 \u20ac<\/td><td>44,63 \u20ac<\/td><td>49,96 \u20ac<\/td><td>55,28 \u20ac<\/td><td>58,71 \u20ac<\/td><\/tr><tr><td class=\"has-text-align-center\" data-align=\"center\">37.500,00 \u20ac<\/td><td>55,28 \u20ac<\/td><td>58,83 \u20ac<\/td><td>64,24 \u20ac<\/td><td>76,70 \u20ac<\/td><td>83,60 \u20ac<\/td><\/tr><tr><td class=\"has-text-align-center\" data-align=\"center\">50.000,00 \u20ac&nbsp;<\/td><td>67,81 \u20ac<\/td><td>73,19 \u20ac<\/td><td>76,70 \u20ac<\/td><td>96,36 \u20ac<\/td><td>99,93 \u20ac<\/td><\/tr><\/tbody><\/table><\/figure>\n\n\n\n<p><b>Zuschl\u00e4ge<\/b><\/p>\n\n\n\n<div class=\"wp-block-columns is-layout-flex wp-container-core-columns-is-layout-9d6595d7 wp-block-columns-is-layout-flex\">\n<div class=\"wp-block-column is-layout-flow wp-block-column-is-layout-flow\" style=\"flex-basis:100%\">\n<figure class=\"wp-block-table aligncenter contenttable\"><table><tbody><tr><td>F\u00fcr Postleitzahlen nachstehender Randregionen (RR):<b> <\/b> 02xxx ; 16xxx ; 17xxx ; 18xxx ; 19xxx ; 26xxx<\/td><td class=\"has-text-align-right\" data-align=\"right\">24,09 \u20ac<\/td><\/tr><tr><td>H\u00f6here Werte pro angefangene 2.500,- \u20ac<\/td><td class=\"has-text-align-right\" data-align=\"right\">6,24 \u20ac<\/td><\/tr><tr><td>H\u00f6here Gewichte ab 15 kg jedes weitere kg<\/td><td class=\"has-text-align-right\" data-align=\"right\">7,48 \u20ac<\/td><\/tr><tr><td>H\u00f6chstma\u00dfe 30x20x10 bei \u00dcberschreitung<\/td><td class=\"has-text-align-right\" data-align=\"right\">Preis auf Anfrage<\/td><\/tr><tr><td>Treibstoffzuschlag<\/td><td class=\"has-text-align-right\" data-align=\"right\"><a href=\"#GeschTreibstoffzuschlag\" data-type=\"internal\" data-id=\"#GeschTreibstoffzuschlag\">Tabelle unten<\/a><\/td><\/tr><\/tbody><\/table><\/figure>\n<\/div>\n<\/div>\n\n\n\n<p><b>Sonderleistungen<\/b><\/p>\n\n\n\n<figure class=\"wp-block-table contenttable\"><table class=\"has-fixed-layout\"><tbody><tr><td>Abholung \/ Zustellung an Privatkunden<\/td><td class=\"has-text-align-right\" data-align=\"right\">24,09 \u20ac<\/td><\/tr><tr><td>Zweite Anfahrt bei Abholungen \/ Zustellungen<\/td><td class=\"has-text-align-right\" data-align=\"right\">24,09 \u20ac<\/td><\/tr><tr><td>Einlagerung im Tresor auf Kundenwunsch (pro Tag<\/td><td class=\"has-text-align-right\" data-align=\"right\">3,62 \u20ac<\/td><\/tr><tr><td>Nachnahmegeb\u00fchr bis 1.000,00 \u20ac<\/td><td class=\"has-text-align-right\" data-align=\"right\">18,06 \u20ac<\/td><\/tr><tr><td>\u00fcber 1.000,00 \u20ac<\/td><td class=\"has-text-align-right\" data-align=\"right\">24,09 \u20ac<\/td><\/tr><tr><td>R\u00fcck\u00fcberweisung von Doppelzahlungen; R\u00fcckbelastung bei Einzug<\/td><td class=\"has-text-align-right\" data-align=\"right\">7,26 \u20ac<\/td><\/tr><tr><td>Stornierung und Neuberechnung bei Rechnungen<\/td><td class=\"has-text-align-right\" data-align=\"right\">7,26 \u20ac<\/td><\/tr><tr><td>Adresskorrektur bei Umleitung<\/td><td class=\"has-text-align-right\" data-align=\"right\">8,77 \u20ac<\/td><\/tr><tr><td>Termingut\/Sonderfahrten<\/td><td class=\"has-text-align-right\" data-align=\"right\">auf Anfrage<\/td><\/tr><\/tbody><\/table><\/figure>\n\n\n\n<p><b><br><\/b>Alle Preise verstehen sich zzgl. der gesetzl. MwSt.<b><br><br><\/b>Sonderleistungen werden als Zuschlag auf den Paketeinzelpreis berechnet.<br>Preis\u00e4nderungen vorbehalten\n<\/p>\n\n\n\n<p id=\"GeschTreibstoffzuschlag\"><\/p>\n\n\n\n<div class=\"wp-block-columns is-layout-flex wp-container-core-columns-is-layout-9d6595d7 wp-block-columns-is-layout-flex\">\n<div class=\"wp-block-column is-layout-flow wp-block-column-is-layout-flow\" style=\"flex-basis:100%\">\n<div class=\"wp-block-columns is-layout-flex wp-container-core-columns-is-layout-9d6595d7 wp-block-columns-is-layout-flex\">\n<div class=\"wp-block-column is-layout-flow wp-block-column-is-layout-flow\" style=\"flex-basis:100%\">\n<p><strong>Treibstoffzuschlag<\/strong><\/p>\n\n\n\n<p>Der Treibstoffzuschlag wird wie folgt berechnet: 14,30\u20ac \/ 100% x Dieselzuschlag in %<\/p>\n\n\n\n<p>Vom Zuschlag betroffen sind alle nationale \/ internationale Sendungen. Der Index kann jederzeit bei dem Statistischen Bundesamt nachgelesen werden.<br>(Fachserie 17, Reihe 7)<\/p>\n\n\n\n<p>Der Treibstoffzuschlag wird in der Rechnung ausgewiesen.<\/p>\n\n\n\n<p><\/p>\n\n\n\n<div class=\"wp-block-columns is-layout-flex wp-container-core-columns-is-layout-9d6595d7 wp-block-columns-is-layout-flex\">\n<div class=\"wp-block-column is-layout-flow wp-block-column-is-layout-flow\" style=\"flex-basis:100%\">\n<figure class=\"wp-block-table is-style-stripes\"><table><thead><tr><th class=\"has-text-align-left\" data-align=\"left\">ver\u00f6ffentlicht am<\/th><th>Dieselzuschlag in %<\/th><th>Dieselzuschlag in \u20ac<\/th><th>G\u00fcltig ab<\/th><\/tr><\/thead><tbody><tr><td class=\"has-text-align-left\" data-align=\"left\">26.03.2026<\/td><td>20,00%<\/td><td>2,86\u20ac<\/td><td>April 2026<\/td><\/tr><tr><td class=\"has-text-align-left\" data-align=\"left\">03.03.2026<\/td><td>16,00%<\/td><td>2,29\u20ac<\/td><td>M\u00e4rz 2026<\/td><\/tr><tr><td class=\"has-text-align-left\" data-align=\"left\">02.02.2026<\/td><td>16,00%<\/td><td>2,29\u20ac<\/td><td>Februar 2026<\/td><\/tr><tr><td class=\"has-text-align-left\" data-align=\"left\">03.01.2026<\/td><td>16,00%<\/td><td>2,29\u20ac<\/td><td>Januar 2026<\/td><\/tr><tr><td class=\"has-text-align-left\" data-align=\"left\">02.12.2025<\/td><td>16,00%<\/td><td>2,29\u20ac<\/td><td>Dezember 2025<\/td><\/tr><tr><td class=\"has-text-align-left\" data-align=\"left\">03.11.2025<\/td><td>16,00%<\/td><td>2,29\u20ac<\/td><td>November 2025<\/td><\/tr><tr><td class=\"has-text-align-left\" data-align=\"left\">02.10.2025<\/td><td>16,00%<\/td><td>2,29\u20ac<\/td><td>Oktober 2025<\/td><\/tr><tr><td class=\"has-text-align-left\" data-align=\"left\">03.09.2025<\/td><td>16,00%<\/td><td>2,29\u20ac<\/td><td>September 2025<\/td><\/tr><tr><td class=\"has-text-align-left\" data-align=\"left\">04.08.2025<\/td><td>16,00%<\/td><td>2,29\u20ac<\/td><td>August 2025<\/td><\/tr><tr><td class=\"has-text-align-left\" data-align=\"left\">02.07.2025<\/td><td>16,00%<\/td><td>2,29\u20ac<\/td><td>Juli 2025<\/td><\/tr><tr><td class=\"has-text-align-left\" data-align=\"left\">02.06.2025<\/td><td>16,00%<\/td><td>2,29\u20ac<\/td><td>Juni 2025<\/td><\/tr><tr><td class=\"has-text-align-left\" data-align=\"left\">07.05.2025<\/td><td>16,00%<\/td><td>2,29\u20ac<\/td><td>Mai 2025<\/td><\/tr><tr><td class=\"has-text-align-left\" data-align=\"left\">06.04.2025<\/td><td>16,00%<\/td><td>2,29\u20ac<\/td><td>April 2025<\/td><\/tr><tr><td class=\"has-text-align-left\" data-align=\"left\">04.03.2025<\/td><td>16,00%<\/td><td>2,29\u20ac<\/td><td>M\u00e4rz 2025<\/td><\/tr><tr><td class=\"has-text-align-left\" data-align=\"left\">02.02.2025<\/td><td>16,00%<\/td><td>2,29\u20ac<\/td><td>Februar 2025<\/td><\/tr><\/tbody><\/table><\/figure>\n<\/div>\n<\/div>\n<\/div>\n<\/div>\n<\/div>\n<\/div>\n\n\n\n<p><\/p>\n","protected":false},"excerpt":{"rendered":"<p>Wertpaketpreise Bundesweite Verteilung (ohne Inseln) g\u00fcltig ab 01.01.2026 Sparen Sie &#8211; 1,50 \u20ac pro Paket &#8211; durch Internetabwicklung !! Wertangabe Bis 1 Kg Bis 2 Kg Bis 5 Kg Bis 10 Kg Bis 15 Kg 2.500,00 \u20ac 32,11 \u20ac 35,68 \u20ac 41,00 \u20ac 44,63 \u20ac 49,96 \u20ac 12.500,00 \u20ac 35,68 \u20ac 41,00 \u20ac 44,63 \u20ac &hellip; <\/p>\n<p class=\"link-more\"><a href=\"https:\/\/janus-trans.de\/?page_id=76\" class=\"more-link\"><span class=\"screen-reader-text\">\u201eGesch\u00e4ftskunden\u201c <\/span>weiterlesen<\/a><\/p>\n","protected":false},"author":2,"featured_media":0,"parent":0,"menu_order":0,"comment_status":"closed","ping_status":"closed","template":"","meta":{"footnotes":""},"class_list":["post-76","page","type-page","status-publish","hentry"],"_links":{"self":[{"href":"https:\/\/janus-trans.de\/index.php?rest_route=\/wp\/v2\/pages\/76","targetHints":{"allow":["GET"]}}],"collection":[{"href":"https:\/\/janus-trans.de\/index.php?rest_route=\/wp\/v2\/pages"}],"about":[{"href":"https:\/\/janus-trans.de\/index.php?rest_route=\/wp\/v2\/types\/page"}],"author":[{"embeddable":true,"href":"https:\/\/janus-trans.de\/index.php?rest_route=\/wp\/v2\/users\/2"}],"replies":[{"embeddable":true,"href":"https:\/\/janus-trans.de\/index.php?rest_route=%2Fwp%2Fv2%2Fcomments&post=76"}],"version-history":[{"count":50,"href":"https:\/\/janus-trans.de\/index.php?rest_route=\/wp\/v2\/pages\/76\/revisions"}],"predecessor-version":[{"id":225,"href":"https:\/\/janus-trans.de\/index.php?rest_route=\/wp\/v2\/pages\/76\/revisions\/225"}],"wp:attachment":[{"href":"https:\/\/janus-trans.de\/index.php?rest_route=%2Fwp%2Fv2%2Fmedia&parent=76"}],"curies":[{"name":"wp","href":"https:\/\/api.w.org\/{rel}","templated":true}]}}